{"id":5392,"date":"2024-08-29T15:26:46","date_gmt":"2024-08-29T13:26:46","guid":{"rendered":"https:\/\/oyc-recruiting.de\/?page_id=5392"},"modified":"2025-07-30T15:10:21","modified_gmt":"2025-07-30T13:10:21","slug":"karriere","status":"publish","type":"page","link":"https:\/\/oyc-recruiting.de\/en\/karriere\/","title":{"rendered":"Career"},"content":{"rendered":"<div data-elementor-type=\"wp-page\" data-elementor-id=\"5392\" class=\"elementor elementor-5392\" data-elementor-post-type=\"page\">\n\t\t\t\t<div class=\"elementor-element elementor-element-8347ae9 e-flex e-con-boxed e-con e-parent\" data-id=\"8347ae9\" data-element_type=\"container\">\n\t\t\t\t\t<div class=\"e-con-inner\">\n\t\t\t\t<div class=\"elementor-element elementor-element-1ad94b6 elementor-widget elementor-widget-spacer\" data-id=\"1ad94b6\" data-element_type=\"widget\" data-widget_type=\"spacer.default\">\n\t\t\t\t<div class=\"elementor-widget-container\">\n\t\t\t\t\t\t\t<div class=\"elementor-spacer\">\n\t\t\t<div class=\"elementor-spacer-inner\"><\/div>\n\t\t<\/div>\n\t\t\t\t\t\t<\/div>\n\t\t\t\t<\/div>\n\t\t<div class=\"elementor-element elementor-element-02496bd e-con-full e-flex e-con e-child\" data-id=\"02496bd\" data-element_type=\"container\">\n\t\t<div class=\"elementor-element elementor-element-2a06775 e-con-full e-flex e-con e-child\" data-id=\"2a06775\" data-element_type=\"container\">\n\t\t\t\t<div class=\"elementor-element elementor-element-5869b8e elementor-invisible elementor-widget elementor-widget-heading\" data-id=\"5869b8e\" data-element_type=\"widget\" data-settings=\"{&quot;_animation&quot;:&quot;fadeInUp&quot;}\" data-widget_type=\"heading.default\">\n\t\t\t\t<div class=\"elementor-widget-container\">\n\t\t\t\t\t<h2 class=\"elementor-heading-title elementor-size-default\">Build your career with us<\/h2>\t\t\t\t<\/div>\n\t\t\t\t<\/div>\n\t\t\t\t<div class=\"elementor-element elementor-element-7ee45e1 elementor-icon-list--layout-inline elementor-list-item-link-full_width elementor-widget elementor-widget-icon-list\" data-id=\"7ee45e1\" data-element_type=\"widget\" data-widget_type=\"icon-list.default\">\n\t\t\t\t<div class=\"elementor-widget-container\">\n\t\t\t\t\t\t\t<ul class=\"elementor-icon-list-items elementor-inline-items\">\n\t\t\t\t\t\t\t<li class=\"elementor-icon-list-item elementor-inline-item\">\n\t\t\t\t\t\t\t\t\t\t\t<a href=\"https:\/\/oyc-recruiting.de\/en\">\n\n\t\t\t\t\t\t\t\t\t\t\t<span class=\"elementor-icon-list-text\">Home<\/span>\n\t\t\t\t\t\t\t\t\t\t\t<\/a>\n\t\t\t\t\t\t\t\t\t<\/li>\n\t\t\t\t\t\t\t\t<li class=\"elementor-icon-list-item elementor-inline-item\">\n\t\t\t\t\t\t\t\t\t\t\t<span class=\"elementor-icon-list-icon\">\n\t\t\t\t\t\t\t<i aria-hidden=\"true\" class=\"material-icons-sharp md-arrow_forward\" data-md-icon=\"arrow_forward\"><\/i>\t\t\t\t\t\t<\/span>\n\t\t\t\t\t\t\t\t\t\t<span class=\"elementor-icon-list-text\">Career<\/span>\n\t\t\t\t\t\t\t\t\t<\/li>\n\t\t\t\t\t\t<\/ul>\n\t\t\t\t\t\t<\/div>\n\t\t\t\t<\/div>\n\t\t\t\t<\/div>\n\t\t<div class=\"elementor-element elementor-element-71080ea e-con-full e-flex e-con e-child\" data-id=\"71080ea\" data-element_type=\"container\">\n\t\t\t\t<div class=\"elementor-element elementor-element-06e8921 elementor-invisible elementor-widget elementor-widget-text-editor\" data-id=\"06e8921\" data-element_type=\"widget\" data-settings=\"{&quot;_animation&quot;:&quot;fadeInUp&quot;,&quot;_animation_delay&quot;:100}\" data-widget_type=\"text-editor.default\">\n\t\t\t\t<div class=\"elementor-widget-container\">\n\t\t\t\t\t\t\t\t\t<p>Bei OYC stehen Ihre St\u00e4rken im Mittelpunkt. Gemeinsam finden wir die Position, die wirklich zu Ihnen passt \u2013 klar, unkompliziert und auf Augenh\u00f6he. Ob Sie sich weiterentwickeln, neu orientieren oder einfach mehr aus Ihrem K\u00f6nnen machen m\u00f6chten: Wir begleiten Sie auf dem Weg.<\/p>\t\t\t\t\t\t\t\t<\/div>\n\t\t\t\t<\/div>\n\t\t\t\t<\/div>\n\t\t\t\t<\/div>\n\t\t\t\t\t<\/div>\n\t\t\t\t<\/div>\n\t\t<div class=\"elementor-element elementor-element-124b603 e-flex e-con-boxed e-con e-parent\" data-id=\"124b603\" data-element_type=\"container\">\n\t\t\t\t\t<div class=\"e-con-inner\">\n\t\t\t\t<div class=\"elementor-element elementor-element-9c69db6 elementor-widget-divider--view-line elementor-widget elementor-widget-divider\" data-id=\"9c69db6\" data-element_type=\"widget\" data-widget_type=\"divider.default\">\n\t\t\t\t<div class=\"elementor-widget-container\">\n\t\t\t\t\t\t\t<div class=\"elementor-divider\">\n\t\t\t<span class=\"elementor-divider-separator\">\n\t\t\t\t\t\t<\/span>\n\t\t<\/div>\n\t\t\t\t\t\t<\/div>\n\t\t\t\t<\/div>\n\t\t\t\t\t<\/div>\n\t\t\t\t<\/div>\n\t\t<div class=\"elementor-element elementor-element-a9dd59b e-flex e-con-boxed e-con e-parent\" data-id=\"a9dd59b\" data-element_type=\"container\">\n\t\t\t\t\t<div class=\"e-con-inner\">\n\t\t\t\t<div class=\"elementor-element elementor-element-763e301 elementor-invisible elementor-widget elementor-widget-heading\" data-id=\"763e301\" data-element_type=\"widget\" data-settings=\"{&quot;_animation&quot;:&quot;fadeInUp&quot;,&quot;_animation_delay&quot;:100}\" data-widget_type=\"heading.default\">\n\t\t\t\t<div class=\"elementor-widget-container\">\n\t\t\t\t\t<h2 class=\"elementor-heading-title elementor-size-default\">Current jobs<\/h2>\t\t\t\t<\/div>\n\t\t\t\t<\/div>\n\t\t\t\t<div class=\"elementor-element elementor-element-92c3cf3 elementor-widget elementor-widget-taxonomy-filter\" data-id=\"92c3cf3\" data-element_type=\"widget\" data-settings=\"{&quot;selected_element&quot;:&quot;8259996&quot;,&quot;taxonomy&quot;:&quot;standort&quot;,&quot;multiple_selection&quot;:&quot;no&quot;,&quot;horizontal_scroll&quot;:&quot;disable&quot;}\" data-widget_type=\"taxonomy-filter.default\">\n\t\t\t\t<div class=\"elementor-widget-container\">\n\t\t\t\t\t\t\t<search class=\"e-filter\" role=\"search\" data-base-url=\"https:\/\/oyc-recruiting.de\/en\/\" data-page-num=\"1\">\n\t\t\t\t\t\t\t<button class=\"e-filter-item\" data-filter=\"berlin\" aria-pressed=\"false\">Berlin<\/button>\n\t\t\t\n\t\t\t\t\t\t\t\t\t<button class=\"e-filter-item\" data-filter=\"__all\" aria-pressed=\"true\">\n\t\t\t\tAll\t\t\t<\/button>\n\t\t\t\t\t<\/search>\n\t\t\t\t\t\t<\/div>\n\t\t\t\t<\/div>\n\t\t\t\t<div class=\"elementor-element elementor-element-8259996 elementor-grid-1 elementor-grid-tablet-2 elementor-grid-mobile-1 elementor-widget elementor-widget-loop-grid\" data-id=\"8259996\" data-element_type=\"widget\" data-settings=\"{&quot;template_id&quot;:&quot;4017&quot;,&quot;row_gap&quot;:{&quot;unit&quot;:&quot;px&quot;,&quot;size&quot;:10,&quot;sizes&quot;:[]},&quot;columns&quot;:1,&quot;_skin&quot;:&quot;post&quot;,&quot;columns_tablet&quot;:&quot;2&quot;,&quot;columns_mobile&quot;:&quot;1&quot;,&quot;edit_handle_selector&quot;:&quot;[data-elementor-type=\\&quot;loop-item\\&quot;]&quot;,&quot;row_gap_tablet&quot;:{&quot;unit&quot;:&quot;px&quot;,&quot;size&quot;:&quot;&quot;,&quot;sizes&quot;:[]},&quot;row_gap_mobile&quot;:{&quot;unit&quot;:&quot;px&quot;,&quot;size&quot;:&quot;&quot;,&quot;sizes&quot;:[]}}\" data-widget_type=\"loop-grid.post\">\n\t\t\t\t<div class=\"elementor-widget-container\">\n\t\t\t\t\t\t\t<div class=\"elementor-loop-container elementor-grid\" role=\"list\">\n\t\t<style id=\"loop-4017\">.elementor-4017 .elementor-element.elementor-element-61988a3c{--display:flex;--align-items:flex-start;--container-widget-width:calc( ( 1 - var( --container-widget-flex-grow ) ) * 100% );--gap:20px 20px;--row-gap:20px;--column-gap:20px;--border-radius:20px 20px 20px 20px;--margin-top:0px;--margin-bottom:0px;--margin-left:0px;--margin-right:0px;--padding-top:20px;--padding-bottom:20px;--padding-left:20px;--padding-right:20px;}.elementor-4017 .elementor-element.elementor-element-61988a3c:not(.elementor-motion-effects-element-type-background), .elementor-4017 .elementor-element.elementor-element-61988a3c > .elementor-motion-effects-container > .elementor-motion-effects-layer{background-color:var( --e-global-color-accent );}.elementor-4017 .elementor-element.elementor-element-178f37c{font-family:var( --e-global-typography-2f46770-font-family ), Sans-serif;font-size:var( --e-global-typography-2f46770-font-size );font-weight:var( --e-global-typography-2f46770-font-weight );text-transform:var( --e-global-typography-2f46770-text-transform );font-style:var( --e-global-typography-2f46770-font-style );text-decoration:var( --e-global-typography-2f46770-text-decoration );line-height:var( --e-global-typography-2f46770-line-height );letter-spacing:var( --e-global-typography-2f46770-letter-spacing );}.elementor-4017 .elementor-element.elementor-element-2cd8eb27 > .elementor-widget-container{margin:-20px 0px 0px 0px;}.elementor-4017 .elementor-element.elementor-element-2cd8eb27 .elementor-heading-title{font-family:var( --e-global-typography-5d1c083-font-family ), Sans-serif;font-size:var( --e-global-typography-5d1c083-font-size );font-weight:var( --e-global-typography-5d1c083-font-weight );text-transform:var( --e-global-typography-5d1c083-text-transform );font-style:var( --e-global-typography-5d1c083-font-style );text-decoration:var( --e-global-typography-5d1c083-text-decoration );line-height:var( --e-global-typography-5d1c083-line-height );letter-spacing:var( --e-global-typography-5d1c083-letter-spacing );}.elementor-4017 .elementor-element.elementor-element-90a7ca2 .elementor-button{background-color:var( --e-global-color-primary );fill:var( --e-global-color-accent );color:var( --e-global-color-accent );border-style:solid;border-width:1px 1px 1px 1px;border-color:var( --e-global-color-primary );}.elementor-4017 .elementor-element.elementor-element-90a7ca2 .elementor-button:hover, .elementor-4017 .elementor-element.elementor-element-90a7ca2 .elementor-button:focus{background-color:var( --e-global-color-secondary );color:var( --e-global-color-primary );border-color:var( --e-global-color-primary );}.elementor-4017 .elementor-element.elementor-element-90a7ca2 > .elementor-widget-container:hover{--e-transform-translateY:-10px;}.elementor-4017 .elementor-element.elementor-element-90a7ca2 .elementor-button:hover svg, .elementor-4017 .elementor-element.elementor-element-90a7ca2 .elementor-button:focus svg{fill:var( --e-global-color-primary );}@media(max-width:1379px){.elementor-4017 .elementor-element.elementor-element-178f37c{font-size:var( --e-global-typography-2f46770-font-size );line-height:var( --e-global-typography-2f46770-line-height );letter-spacing:var( --e-global-typography-2f46770-letter-spacing );}.elementor-4017 .elementor-element.elementor-element-2cd8eb27 .elementor-heading-title{font-size:var( --e-global-typography-5d1c083-font-size );line-height:var( --e-global-typography-5d1c083-line-height );letter-spacing:var( --e-global-typography-5d1c083-letter-spacing );}}@media(max-width:767px){.elementor-4017 .elementor-element.elementor-element-178f37c{font-size:var( --e-global-typography-2f46770-font-size );line-height:var( --e-global-typography-2f46770-line-height );letter-spacing:var( --e-global-typography-2f46770-letter-spacing );}.elementor-4017 .elementor-element.elementor-element-2cd8eb27 .elementor-heading-title{font-size:var( --e-global-typography-5d1c083-font-size );line-height:var( --e-global-typography-5d1c083-line-height );letter-spacing:var( --e-global-typography-5d1c083-letter-spacing );}}<\/style>\t\t<div data-elementor-type=\"loop-item\" data-elementor-id=\"4017\" class=\"elementor elementor-4017 e-loop-item e-loop-item-7411 post-7411 stellenangebot type-stellenangebot status-publish hentry standort-berlin\" data-elementor-post-type=\"elementor_library\" data-custom-edit-handle=\"1\">\n\t\t\t<div class=\"elementor-element elementor-element-61988a3c e-con-full e-flex elementor-invisible e-con e-parent\" data-id=\"61988a3c\" data-element_type=\"container\" data-settings=\"{&quot;animation&quot;:&quot;fadeInUp&quot;,&quot;background_background&quot;:&quot;classic&quot;}\">\n\t\t\t\t<div class=\"elementor-element elementor-element-178f37c elementor-widget elementor-widget-text-editor\" data-id=\"178f37c\" data-element_type=\"widget\" data-widget_type=\"text-editor.default\">\n\t\t\t\t<div class=\"elementor-widget-container\">\n\t\t\t\t\t\t\t\t\t<span>Berlin<\/span>\t\t\t\t\t\t\t\t<\/div>\n\t\t\t\t<\/div>\n\t\t\t\t<div class=\"elementor-element elementor-element-2cd8eb27 elementor-widget elementor-widget-heading\" data-id=\"2cd8eb27\" data-element_type=\"widget\" data-settings=\"{&quot;_animation&quot;:&quot;none&quot;,&quot;_animation_delay&quot;:200}\" data-widget_type=\"heading.default\">\n\t\t\t\t<div class=\"elementor-widget-container\">\n\t\t\t\t\t<h2 class=\"elementor-heading-title elementor-size-default\">Servicetechniker (m\/w\/d) im Gro\u00dfraum Berlin\/Brandenburg<\/h2>\t\t\t\t<\/div>\n\t\t\t\t<\/div>\n\t\t\t\t<div class=\"elementor-element elementor-element-90a7ca2 e-transform elementor-widget elementor-widget-button\" data-id=\"90a7ca2\" data-element_type=\"widget\" data-settings=\"{&quot;_transform_translateY_effect_hover&quot;:{&quot;unit&quot;:&quot;px&quot;,&quot;size&quot;:-10,&quot;sizes&quot;:[]},&quot;_transform_translateX_effect_hover&quot;:{&quot;unit&quot;:&quot;px&quot;,&quot;size&quot;:&quot;&quot;,&quot;sizes&quot;:[]},&quot;_transform_translateX_effect_hover_tablet&quot;:{&quot;unit&quot;:&quot;px&quot;,&quot;size&quot;:&quot;&quot;,&quot;sizes&quot;:[]},&quot;_transform_translateX_effect_hover_mobile&quot;:{&quot;unit&quot;:&quot;px&quot;,&quot;size&quot;:&quot;&quot;,&quot;sizes&quot;:[]},&quot;_transform_translateY_effect_hover_tablet&quot;:{&quot;unit&quot;:&quot;px&quot;,&quot;size&quot;:&quot;&quot;,&quot;sizes&quot;:[]},&quot;_transform_translateY_effect_hover_mobile&quot;:{&quot;unit&quot;:&quot;px&quot;,&quot;size&quot;:&quot;&quot;,&quot;sizes&quot;:[]}}\" data-widget_type=\"button.default\">\n\t\t\t\t<div class=\"elementor-widget-container\">\n\t\t\t\t\t\t\t\t\t<div class=\"elementor-button-wrapper\">\n\t\t\t\t\t<a class=\"elementor-button elementor-button-link elementor-size-sm\" href=\"https:\/\/oyc-recruiting.de\/en\/stellenangebot\/servicetechniker-m-w-d-im-grossraum-berlin-brandenburg\/\">\n\t\t\t\t\t\t<span class=\"elementor-button-content-wrapper\">\n\t\t\t\t\t\t\t\t\t<span class=\"elementor-button-text\">Read more<\/span>\n\t\t\t\t\t<\/span>\n\t\t\t\t\t<\/a>\n\t\t\t\t<\/div>\n\t\t\t\t\t\t\t\t<\/div>\n\t\t\t\t<\/div>\n\t\t\t\t<\/div>\n\t\t\t\t<\/div>\n\t\t\t\t<div data-elementor-type=\"loop-item\" data-elementor-id=\"4017\" class=\"elementor elementor-4017 e-loop-item e-loop-item-10195 post-10195 stellenangebot type-stellenangebot status-publish hentry standort-berlin\" data-elementor-post-type=\"elementor_library\" data-custom-edit-handle=\"1\">\n\t\t\t<div class=\"elementor-element elementor-element-61988a3c e-con-full e-flex elementor-invisible e-con e-parent\" data-id=\"61988a3c\" data-element_type=\"container\" data-settings=\"{&quot;animation&quot;:&quot;fadeInUp&quot;,&quot;background_background&quot;:&quot;classic&quot;}\">\n\t\t\t\t<div class=\"elementor-element elementor-element-178f37c elementor-widget elementor-widget-text-editor\" data-id=\"178f37c\" data-element_type=\"widget\" data-widget_type=\"text-editor.default\">\n\t\t\t\t<div class=\"elementor-widget-container\">\n\t\t\t\t\t\t\t\t\t<span>Berlin<\/span>\t\t\t\t\t\t\t\t<\/div>\n\t\t\t\t<\/div>\n\t\t\t\t<div class=\"elementor-element elementor-element-2cd8eb27 elementor-widget elementor-widget-heading\" data-id=\"2cd8eb27\" data-element_type=\"widget\" data-settings=\"{&quot;_animation&quot;:&quot;none&quot;,&quot;_animation_delay&quot;:200}\" data-widget_type=\"heading.default\">\n\t\t\t\t<div class=\"elementor-widget-container\">\n\t\t\t\t\t<h2 class=\"elementor-heading-title elementor-size-default\">Servicetechniker (m\/w\/d) deutschlandweit<\/h2>\t\t\t\t<\/div>\n\t\t\t\t<\/div>\n\t\t\t\t<div class=\"elementor-element elementor-element-90a7ca2 e-transform elementor-widget elementor-widget-button\" data-id=\"90a7ca2\" data-element_type=\"widget\" data-settings=\"{&quot;_transform_translateY_effect_hover&quot;:{&quot;unit&quot;:&quot;px&quot;,&quot;size&quot;:-10,&quot;sizes&quot;:[]},&quot;_transform_translateX_effect_hover&quot;:{&quot;unit&quot;:&quot;px&quot;,&quot;size&quot;:&quot;&quot;,&quot;sizes&quot;:[]},&quot;_transform_translateX_effect_hover_tablet&quot;:{&quot;unit&quot;:&quot;px&quot;,&quot;size&quot;:&quot;&quot;,&quot;sizes&quot;:[]},&quot;_transform_translateX_effect_hover_mobile&quot;:{&quot;unit&quot;:&quot;px&quot;,&quot;size&quot;:&quot;&quot;,&quot;sizes&quot;:[]},&quot;_transform_translateY_effect_hover_tablet&quot;:{&quot;unit&quot;:&quot;px&quot;,&quot;size&quot;:&quot;&quot;,&quot;sizes&quot;:[]},&quot;_transform_translateY_effect_hover_mobile&quot;:{&quot;unit&quot;:&quot;px&quot;,&quot;size&quot;:&quot;&quot;,&quot;sizes&quot;:[]}}\" data-widget_type=\"button.default\">\n\t\t\t\t<div class=\"elementor-widget-container\">\n\t\t\t\t\t\t\t\t\t<div class=\"elementor-button-wrapper\">\n\t\t\t\t\t<a class=\"elementor-button elementor-button-link elementor-size-sm\" href=\"https:\/\/oyc-recruiting.de\/en\/stellenangebot\/servicetechniker-m-w-d-deutschlandweit\/\">\n\t\t\t\t\t\t<span class=\"elementor-button-content-wrapper\">\n\t\t\t\t\t\t\t\t\t<span class=\"elementor-button-text\">Read more<\/span>\n\t\t\t\t\t<\/span>\n\t\t\t\t\t<\/a>\n\t\t\t\t<\/div>\n\t\t\t\t\t\t\t\t<\/div>\n\t\t\t\t<\/div>\n\t\t\t\t<\/div>\n\t\t\t\t<\/div>\n\t\t\t\t<\/div>\n\t\t\n\t\t\t\t\t\t<\/div>\n\t\t\t\t<\/div>\n\t\t\t\t\t<\/div>\n\t\t\t\t<\/div>\n\t\t\t\t<\/div>","protected":false},"excerpt":{"rendered":"<p>Gestalten Sie Ihre Karriere mit uns Home Karriere Bei OYC stehen Ihre St\u00e4rken im Mittelpunkt. Gemeinsam finden wir die Position, die wirklich zu Ihnen passt \u2013 klar, unkompliziert und auf Augenh\u00f6he. Ob Sie sich weiterentwickeln, neu orientieren oder einfach mehr aus Ihrem K\u00f6nnen machen m\u00f6chten: Wir begleiten Sie auf dem Weg. Aktuelle Stellenangebote Berlin Alle<\/p>","protected":false},"author":1,"featured_media":0,"parent":0,"menu_order":0,"comment_status":"closed","ping_status":"closed","template":"","meta":{"_acf_changed":false,"footnotes":""},"class_list":["post-5392","page","type-page","status-publish","hentry"],"acf":[],"_links":{"self":[{"href":"https:\/\/oyc-recruiting.de\/en\/wp-json\/wp\/v2\/pages\/5392","targetHints":{"allow":["GET"]}}],"collection":[{"href":"https:\/\/oyc-recruiting.de\/en\/wp-json\/wp\/v2\/pages"}],"about":[{"href":"https:\/\/oyc-recruiting.de\/en\/wp-json\/wp\/v2\/types\/page"}],"author":[{"embeddable":true,"href":"https:\/\/oyc-recruiting.de\/en\/wp-json\/wp\/v2\/users\/1"}],"replies":[{"embeddable":true,"href":"https:\/\/oyc-recruiting.de\/en\/wp-json\/wp\/v2\/comments?post=5392"}],"version-history":[{"count":3,"href":"https:\/\/oyc-recruiting.de\/en\/wp-json\/wp\/v2\/pages\/5392\/revisions"}],"predecessor-version":[{"id":10084,"href":"https:\/\/oyc-recruiting.de\/en\/wp-json\/wp\/v2\/pages\/5392\/revisions\/10084"}],"wp:attachment":[{"href":"https:\/\/oyc-recruiting.de\/en\/wp-json\/wp\/v2\/media?parent=5392"}],"curies":[{"name":"wp","href":"https:\/\/api.w.org\/{rel}","templated":true}]}}