{"id":145,"date":"2023-04-17T10:30:24","date_gmt":"2023-04-17T08:30:24","guid":{"rendered":"https:\/\/oyc-recruiting.de\/?page_id=145"},"modified":"2025-07-30T15:14:18","modified_gmt":"2025-07-30T13:14:18","slug":"impressum","status":"publish","type":"page","link":"https:\/\/oyc-recruiting.de\/en\/impressum\/","title":{"rendered":"Imprint"},"content":{"rendered":"<div data-elementor-type=\"wp-page\" data-elementor-id=\"145\" class=\"elementor elementor-145\" data-elementor-post-type=\"page\">\n\t\t\t\t\t\t<section class=\"elementor-section elementor-top-section elementor-element elementor-element-d0c0eb4 elementor-section-boxed elementor-section-height-default elementor-section-height-default\" data-id=\"d0c0eb4\" data-element_type=\"section\">\n\t\t\t\t\t\t<div class=\"elementor-container elementor-column-gap-no\">\n\t\t\t\t\t<div class=\"elementor-column elementor-col-50 elementor-top-column elementor-element elementor-element-6608df5\" data-id=\"6608df5\" data-element_type=\"column\">\n\t\t\t<div class=\"elementor-widget-wrap elementor-element-populated\">\n\t\t\t\t\t\t<div class=\"elementor-element elementor-element-de792ad elementor-widget elementor-widget-heading\" data-id=\"de792ad\" data-element_type=\"widget\" data-widget_type=\"heading.default\">\n\t\t\t\t<div class=\"elementor-widget-container\">\n\t\t\t\t\t<h2 class=\"elementor-heading-title elementor-size-default\">Verantwortlicher gem\u00e4\u00df \u00a75 DDG:<\/h2>\t\t\t\t<\/div>\n\t\t\t\t<\/div>\n\t\t\t\t<div class=\"elementor-element elementor-element-cad7c2e elementor-widget elementor-widget-text-editor\" data-id=\"cad7c2e\" data-element_type=\"widget\" data-widget_type=\"text-editor.default\">\n\t\t\t\t<div class=\"elementor-widget-container\">\n\t\t\t\t\t\t\t\t\t<p class=\"bodytext\">TEC-Experts GmbH<br \/>Chemnitzer Stra\u00dfe 84<br \/>12621 Berlin<\/p>\t\t\t\t\t\t\t\t<\/div>\n\t\t\t\t<\/div>\n\t\t\t\t<div class=\"elementor-element elementor-element-42f7a0a elementor-widget elementor-widget-text-editor\" data-id=\"42f7a0a\" data-element_type=\"widget\" data-widget_type=\"text-editor.default\">\n\t\t\t\t<div class=\"elementor-widget-container\">\n\t\t\t\t\t\t\t\t\t<p class=\"bodytext\">Gesch\u00e4ftsf\u00fchrer: Vivien Poswiat<\/p>\t\t\t\t\t\t\t\t<\/div>\n\t\t\t\t<\/div>\n\t\t\t\t<div class=\"elementor-element elementor-element-2df5bac elementor-widget elementor-widget-text-editor\" data-id=\"2df5bac\" data-element_type=\"widget\" data-widget_type=\"text-editor.default\">\n\t\t\t\t<div class=\"elementor-widget-container\">\n\t\t\t\t\t\t\t\t\t<p><strong>Vivien\u00a0Poswiat<\/strong><\/p><p>E-Mail: <a href=\"mailto:vivien.poswiat@tecexperts.de\">vivien.poswiat@tecexperts.de<\/a><\/p><p>Telefon: <a href=\"tel:+4915161905643\">+49151 619 056 43<\/a><\/p>\t\t\t\t\t\t\t\t<\/div>\n\t\t\t\t<\/div>\n\t\t\t\t<div class=\"elementor-element elementor-element-409cc25 elementor-widget elementor-widget-text-editor\" data-id=\"409cc25\" data-element_type=\"widget\" data-widget_type=\"text-editor.default\">\n\t\t\t\t<div class=\"elementor-widget-container\">\n\t\t\t\t\t\t\t\t\t<p>Amtsgericht Charlottenburg<\/p><p>Handelsregister Nummer: HRB 270038 B<\/p>\t\t\t\t\t\t\t\t<\/div>\n\t\t\t\t<\/div>\n\t\t\t\t<div class=\"elementor-element elementor-element-1d76ff6 elementor-widget elementor-widget-text-editor\" data-id=\"1d76ff6\" data-element_type=\"widget\" data-widget_type=\"text-editor.default\">\n\t\t\t\t<div class=\"elementor-widget-container\">\n\t\t\t\t\t\t\t\t\t<p class=\"bodytext\">UstID: DE34 3809 544<\/p>\t\t\t\t\t\t\t\t<\/div>\n\t\t\t\t<\/div>\n\t\t\t\t\t<\/div>\n\t\t<\/div>\n\t\t\t\t<div class=\"elementor-column elementor-col-50 elementor-top-column elementor-element elementor-element-4adacac\" data-id=\"4adacac\" data-element_type=\"column\">\n\t\t\t<div class=\"elementor-widget-wrap elementor-element-populated\">\n\t\t\t\t\t\t<div class=\"elementor-element elementor-element-d3084cf elementor-widget elementor-widget-heading\" data-id=\"d3084cf\" data-element_type=\"widget\" data-widget_type=\"heading.default\">\n\t\t\t\t<div class=\"elementor-widget-container\">\n\t\t\t\t\t<h2 class=\"elementor-heading-title elementor-size-default\">Konzept und Umsetzung<\/h2>\t\t\t\t<\/div>\n\t\t\t\t<\/div>\n\t\t\t\t<div class=\"elementor-element elementor-element-7a7ca0f elementor-widget elementor-widget-text-editor\" data-id=\"7a7ca0f\" data-element_type=\"widget\" data-widget_type=\"text-editor.default\">\n\t\t\t\t<div class=\"elementor-widget-container\">\n\t\t\t\t\t\t\t\t\t<div class=\"elementor-element elementor-element-a53c3b2 elementor-widget elementor-widget-text-editor animated fadeIn\" data-id=\"a53c3b2\" data-element_type=\"widget\" data-settings=\"{&quot;_animation&quot;:&quot;fadeIn&quot;}\" data-widget_type=\"text-editor.default\"><div class=\"elementor-widget-container\">visionenmaler \u2013 Mario Hoppe<\/div><\/div><div class=\"elementor-element elementor-element-7ee8f32 elementor-widget elementor-widget-text-editor animated fadeIn\" data-id=\"7ee8f32\" data-element_type=\"widget\" data-settings=\"{&quot;_animation&quot;:&quot;fadeIn&quot;}\" data-widget_type=\"text-editor.default\"><div class=\"elementor-widget-container\"><p>E-Mail: <a href=\"mailto:mario@visionenmaler.de\">mario@visionenmaler.de<\/a><br \/>Web: <a href=\"https:\/\/www.visionenmaler.de\/\" target=\"_blank\" rel=\"noopener nofollow\">visionenmaler.de<\/a><\/p><\/div><\/div>\t\t\t\t\t\t\t\t<\/div>\n\t\t\t\t<\/div>\n\t\t\t\t<div class=\"elementor-element elementor-element-30f4309 elementor-widget elementor-widget-heading\" data-id=\"30f4309\" data-element_type=\"widget\" data-widget_type=\"heading.default\">\n\t\t\t\t<div class=\"elementor-widget-container\">\n\t\t\t\t\t<h2 class=\"elementor-heading-title elementor-size-default\">In Koopertion mit:<\/h2>\t\t\t\t<\/div>\n\t\t\t\t<\/div>\n\t\t\t\t<div class=\"elementor-element elementor-element-0945d87 elementor-widget elementor-widget-text-editor\" data-id=\"0945d87\" data-element_type=\"widget\" data-widget_type=\"text-editor.default\">\n\t\t\t\t<div class=\"elementor-widget-container\">\n\t\t\t\t\t\t\t\t\t<div class=\"elementor-element elementor-element-c6edf6b elementor-widget elementor-widget-text-editor animated fadeIn\" data-id=\"c6edf6b\" data-element_type=\"widget\" data-settings=\"{&quot;_animation&quot;:&quot;fadeIn&quot;}\" data-widget_type=\"text-editor.default\"><div class=\"elementor-widget-container\">DiUS \u2013 Gordon Thielsch<\/div><\/div><div class=\"elementor-element elementor-element-7f8db37 elementor-widget elementor-widget-text-editor animated fadeIn\" data-id=\"7f8db37\" data-element_type=\"widget\" data-settings=\"{&quot;_animation&quot;:&quot;fadeIn&quot;}\" data-widget_type=\"text-editor.default\"><div class=\"elementor-widget-container\"><p>E-Mail: <a href=\"mailto:service@dius.de\">service@dius.de<\/a><br \/>Web: <a href=\"https:\/\/www.dius.de\/\" target=\"_blank\" rel=\"noopener nofollow\">dius.de<\/a><\/p><\/div><\/div>\t\t\t\t\t\t\t\t<\/div>\n\t\t\t\t<\/div>\n\t\t\t\t\t<\/div>\n\t\t<\/div>\n\t\t\t\t\t<\/div>\n\t\t<\/section>\n\t\t\t\t<section class=\"elementor-section elementor-top-section elementor-element elementor-element-30a31bc elementor-section-boxed elementor-section-height-default elementor-section-height-default\" data-id=\"30a31bc\" data-element_type=\"section\">\n\t\t\t\t\t\t<div class=\"elementor-container elementor-column-gap-no\">\n\t\t\t\t\t<div class=\"elementor-column elementor-col-100 elementor-top-column elementor-element elementor-element-bfa8d99\" data-id=\"bfa8d99\" data-element_type=\"column\">\n\t\t\t<div class=\"elementor-widget-wrap elementor-element-populated\">\n\t\t\t\t\t\t<div class=\"elementor-element elementor-element-2257f75 elementor-widget elementor-widget-heading\" data-id=\"2257f75\" data-element_type=\"widget\" data-widget_type=\"heading.default\">\n\t\t\t\t<div class=\"elementor-widget-container\">\n\t\t\t\t\t<h2 class=\"elementor-heading-title elementor-size-default\">Haftungsausschluss<\/h2>\t\t\t\t<\/div>\n\t\t\t\t<\/div>\n\t\t\t\t<div class=\"elementor-element elementor-element-278fd57 elementor-widget elementor-widget-heading\" data-id=\"278fd57\" data-element_type=\"widget\" data-widget_type=\"heading.default\">\n\t\t\t\t<div class=\"elementor-widget-container\">\n\t\t\t\t\t<h3 class=\"elementor-heading-title elementor-size-default\">1. Inhalt des Onlineangebotes<\/h3>\t\t\t\t<\/div>\n\t\t\t\t<\/div>\n\t\t\t\t<div class=\"elementor-element elementor-element-b001ef6 elementor-widget elementor-widget-text-editor\" data-id=\"b001ef6\" data-element_type=\"widget\" data-widget_type=\"text-editor.default\">\n\t\t\t\t<div class=\"elementor-widget-container\">\n\t\t\t\t\t\t\t\t\t<p>TEC-Experts GmbH, im folgenden Autor genannt, \u00fcbernimmt keinerlei Gew\u00e4hr f\u00fcr die Aktualit\u00e4t, Korrektheit, Vollst\u00e4ndigkeit oder Qualit\u00e4t der bereitgestellten Informationen. Haftungsanspr\u00fcche gegen den Autor, welche sich auf Sch\u00e4den materieller oder ideeller Art beziehen, die durch die Nutzung oder Nichtnutzung der dargebotenen Informationen bzw. durch die Nutzung fehlerhafter und unvollst\u00e4ndiger Informationen verursacht wurden, sind grunds\u00e4tzlich ausgeschlossen, sofern seitens des Autors kein nachweislich vors\u00e4tzliches oder grob fahrl\u00e4ssiges Verschulden vorliegt.<\/p>\t\t\t\t\t\t\t\t<\/div>\n\t\t\t\t<\/div>\n\t\t\t\t<div class=\"elementor-element elementor-element-677b4be elementor-widget elementor-widget-text-editor\" data-id=\"677b4be\" data-element_type=\"widget\" data-widget_type=\"text-editor.default\">\n\t\t\t\t<div class=\"elementor-widget-container\">\n\t\t\t\t\t\t\t\t\t<p>Alle Angebote sind freibleibend und unverbindlich. Der Autor beh\u00e4lt es sich ausdr\u00fccklich vor, Teile der Seiten oder das gesamte Angebot ohne gesonderte Ank\u00fcndigung zu ver\u00e4ndern, zu erg\u00e4nzen, zu l\u00f6schen oder die Ver\u00f6ffentlichung zeitweise oder endg\u00fcltig einzustellen.<\/p>\t\t\t\t\t\t\t\t<\/div>\n\t\t\t\t<\/div>\n\t\t\t\t<div class=\"elementor-element elementor-element-f8cd185 elementor-widget elementor-widget-heading\" data-id=\"f8cd185\" data-element_type=\"widget\" data-widget_type=\"heading.default\">\n\t\t\t\t<div class=\"elementor-widget-container\">\n\t\t\t\t\t<h3 class=\"elementor-heading-title elementor-size-default\">2. Verweise und Links<\/h3>\t\t\t\t<\/div>\n\t\t\t\t<\/div>\n\t\t\t\t<div class=\"elementor-element elementor-element-f28d04d elementor-widget elementor-widget-text-editor\" data-id=\"f28d04d\" data-element_type=\"widget\" data-widget_type=\"text-editor.default\">\n\t\t\t\t<div class=\"elementor-widget-container\">\n\t\t\t\t\t\t\t\t\t<p>Bei direkten oder indirekten Verweisen auf fremde Webseiten, die au\u00dferhalb des Verantwortungsbereiches des Autors liegen, w\u00fcrde eine Haftungsverpflichtung ausschlie\u00dflich in dem Fall in Kraft treten, in dem der Autor von den Inhalten Kenntnis hat und es ihm technisch m\u00f6glich und zumutbar w\u00e4re, die Nutzung im Falle rechtswidriger Inhalte zu verhindern.<\/p>\t\t\t\t\t\t\t\t<\/div>\n\t\t\t\t<\/div>\n\t\t\t\t<div class=\"elementor-element elementor-element-45ded09 elementor-widget elementor-widget-text-editor\" data-id=\"45ded09\" data-element_type=\"widget\" data-widget_type=\"text-editor.default\">\n\t\t\t\t<div class=\"elementor-widget-container\">\n\t\t\t\t\t\t\t\t\t<p>Der Autor erkl\u00e4rt hiermit ausdr\u00fccklich, dass zum Zeitpunkt der Linksetzung keine illegalen Inhalte auf den verlinkten Seiten erkennbar waren. Auf die aktuelle und zuk\u00fcnftige Gestaltung, die Inhalte oder die Urheberschaft der verlinkten Seiten hat der Autor keinerlei Einfluss. Deshalb distanziert er sich hiermit ausdr\u00fccklich von allen Inhalten aller verlinkten Seiten, die nach der Linksetzung ver\u00e4ndert wurden. F\u00fcr illegale, fehlerhafte oder unvollst\u00e4ndige Inhalte und insbesondere f\u00fcr Sch\u00e4den, die aus der Nutzung oder Nichtnutzung solcherart dargebotener Informationen entstehen, haftet allein der Anbieter der Seite, auf welche verwiesen wurde, nicht derjenige, der \u00fcber Links auf die jeweilige Ver\u00f6ffentlichung lediglich verweist.<\/p>\t\t\t\t\t\t\t\t<\/div>\n\t\t\t\t<\/div>\n\t\t\t\t<div class=\"elementor-element elementor-element-3c823b1 elementor-widget elementor-widget-heading\" data-id=\"3c823b1\" data-element_type=\"widget\" data-widget_type=\"heading.default\">\n\t\t\t\t<div class=\"elementor-widget-container\">\n\t\t\t\t\t<h3 class=\"elementor-heading-title elementor-size-default\">3. Urheber- und Kennzeichenrecht<\/h3>\t\t\t\t<\/div>\n\t\t\t\t<\/div>\n\t\t\t\t<div class=\"elementor-element elementor-element-9019a7d elementor-widget elementor-widget-text-editor\" data-id=\"9019a7d\" data-element_type=\"widget\" data-widget_type=\"text-editor.default\">\n\t\t\t\t<div class=\"elementor-widget-container\">\n\t\t\t\t\t\t\t\t\t<p>Der Autor ist bestrebt, in allen Publikationen die Urheberrechte der verwendeten Bilder, Grafiken, Tondokumente, Videosequenzen und Texte zu beachten, von ihm selbst erstellte Bilder, Grafiken, Tondokumente, Videosequenzen und Texte zu nutzen oder auf lizenzfreie Grafiken, Tondokumente, Videosequenzen und Texte zur\u00fcckzugreifen.<\/p>\t\t\t\t\t\t\t\t<\/div>\n\t\t\t\t<\/div>\n\t\t\t\t<div class=\"elementor-element elementor-element-1603117 elementor-widget elementor-widget-text-editor\" data-id=\"1603117\" data-element_type=\"widget\" data-widget_type=\"text-editor.default\">\n\t\t\t\t<div class=\"elementor-widget-container\">\n\t\t\t\t\t\t\t\t\t<p>Alle innerhalb des Internetangebotes genannten und ggf. durch Dritte gesch\u00fctzten Marken- und Warenzeichen unterliegen uneingeschr\u00e4nkt den Bestimmungen des jeweils g\u00fcltigen Kennzeichenrechts und den Besitzrechten der jeweiligen eingetragenen Eigent\u00fcmer. Allein aufgrund der blo\u00dfen Nennung ist nicht der Schluss zu ziehen, dass Markenzeichen nicht durch Rechte Dritter gesch\u00fctzt sind!<\/p>\t\t\t\t\t\t\t\t<\/div>\n\t\t\t\t<\/div>\n\t\t\t\t<div class=\"elementor-element elementor-element-3f93d77 elementor-widget elementor-widget-text-editor\" data-id=\"3f93d77\" data-element_type=\"widget\" data-widget_type=\"text-editor.default\">\n\t\t\t\t<div class=\"elementor-widget-container\">\n\t\t\t\t\t\t\t\t\t<p>Das Urheberrecht f\u00fcr ver\u00f6ffentlichte, vom Autor selbst erstellte Objekte bleibt allein beim Autor der Seiten. Eine Vervielf\u00e4ltigung oder Verwendung solcher Grafiken, Tondokumente, Videosequenzen und Texte in anderen elektronischen oder gedruckten Publikationen ist ohne ausdr\u00fcckliche Zustimmung des Autors nicht gestattet.<\/p>\t\t\t\t\t\t\t\t<\/div>\n\t\t\t\t<\/div>\n\t\t\t\t<div class=\"elementor-element elementor-element-896e214 elementor-widget elementor-widget-heading\" data-id=\"896e214\" data-element_type=\"widget\" data-widget_type=\"heading.default\">\n\t\t\t\t<div class=\"elementor-widget-container\">\n\t\t\t\t\t<h3 class=\"elementor-heading-title elementor-size-default\">4. Rechtswirksamkeit dieses Haftungsausschlusses<\/h3>\t\t\t\t<\/div>\n\t\t\t\t<\/div>\n\t\t\t\t<div class=\"elementor-element elementor-element-7b3a0dd elementor-widget elementor-widget-text-editor\" data-id=\"7b3a0dd\" data-element_type=\"widget\" data-widget_type=\"text-editor.default\">\n\t\t\t\t<div class=\"elementor-widget-container\">\n\t\t\t\t\t\t\t\t\t<p>Sofern Teile oder einzelne Formulierungen dieses Textes der geltenden Rechtslage nicht, nicht mehr oder nicht vollst\u00e4ndig entsprechen sollten, bleiben die \u00fcbrigen Teile des Dokumentes in ihrem Inhalt und ihrer G\u00fcltigkeit davon unber\u00fchrt.<\/p>\t\t\t\t\t\t\t\t<\/div>\n\t\t\t\t<\/div>\n\t\t\t\t<div class=\"elementor-element elementor-element-934af6d elementor-widget elementor-widget-heading\" data-id=\"934af6d\" data-element_type=\"widget\" data-widget_type=\"heading.default\">\n\t\t\t\t<div class=\"elementor-widget-container\">\n\t\t\t\t\t<h3 class=\"elementor-heading-title elementor-size-default\">5. Bildnachweise<\/h3>\t\t\t\t<\/div>\n\t\t\t\t<\/div>\n\t\t\t\t<div class=\"elementor-element elementor-element-c004ba4 elementor-widget elementor-widget-text-editor\" data-id=\"c004ba4\" data-element_type=\"widget\" data-widget_type=\"text-editor.default\">\n\t\t\t\t<div class=\"elementor-widget-container\">\n\t\t\t\t\t\t\t\t\t<p>\u00a9 <a href=\"https:\/\/www.shutterstock.com\/de\/g\/arletta\" rel=\"nofollow noopener\" target=\"_blank\">Here<\/a>\u00a0\u2013 shutterstock.com, \u00a9 <a href=\"https:\/\/www.shutterstock.com\/de\/g\/panumas+sripech\" rel=\"nofollow noopener\" target=\"_blank\">nuchao<\/a>\u00a0\u2013 shutterstock.com, \u00a9 <a href=\"https:\/\/www.shutterstock.com\/de\/g\/jamesteohart\" rel=\"nofollow noopener\" target=\"_blank\">jamesteohart<\/a>\u00a0\u2013 shutterstock.com, \u00a9 <a href=\"https:\/\/www.shutterstock.com\/de\/g\/DrShutter\" rel=\"nofollow noopener\" target=\"_blank\">DrShutter<\/a>\u00a0\u2013 shutterstock.com, \u00a9 <a href=\"https:\/\/www.shutterstock.com\/de\/g\/toonstyle\" rel=\"nofollow noopener\" target=\"_blank\">OneLineStock<\/a>\u00a0\u2013 shutterstock.com, \u00a9 <a href=\"https:\/\/www.shutterstock.com\/de\/g\/Hatsaniuk\" rel=\"nofollow noopener\" target=\"_blank\">Hatsaniuk<\/a>\u00a0\u2013 shutterstock.com, \u00a9 <a href=\"https:\/\/www.shutterstock.com\/de\/g\/olivercritz\" rel=\"nofollow noopener\" target=\"_blank\">O.C Ritz<\/a>\u00a0\u2013 shutterstock.com, \u00a9 <a href=\"https:\/\/www.shutterstock.com\/de\/g\/Matrix+Reloaded\" rel=\"nofollow noopener\" target=\"_blank\">Matrix Reloaded<\/a>\u00a0\u2013 shutterstock.com, \u00a9 <a href=\"https:\/\/www.shutterstock.com\/de\/g\/gvlr24\" rel=\"nofollow noopener\" target=\"_blank\">Vladimir Razgulyaev<\/a>\u00a0\u2013 shutterstock.com, \u00a9 <a href=\"https:\/\/www.shutterstock.com\/de\/g\/yaophotograph\" rel=\"nofollow noopener\" target=\"_blank\">YAO23<\/a>\u00a0\u2013 shutterstock.com, \u00a9 <a href=\"https:\/\/www.shutterstock.com\/de\/g\/zhuxiaozhu\" rel=\"nofollow noopener\" target=\"_blank\">hallojulie<\/a>\u00a0\u2013 shutterstock.com, \u00a9 <a href=\"https:\/\/www.shutterstock.com\/de\/g\/veronchick84\" rel=\"nofollow noopener\" target=\"_blank\">veronchick_84<\/a>\u00a0\u2013 shutterstock.com, \u00a9 <a href=\"https:\/\/www.shutterstock.com\/de\/g\/aristectgroup\" rel=\"nofollow noopener\" target=\"_blank\">Aris Group<\/a>\u00a0\u2013 shutterstock.com, \u00a9 <a href=\"https:\/\/www.shutterstock.com\/de\/g\/Pixels+Hunter\" rel=\"nofollow noopener\" target=\"_blank\">Pixels Hunter<\/a>\u00a0\u2013 shutterstock.com, \u00a9 <a href=\"https:\/\/www.shutterstock.com\/de\/g\/thongchai69\" rel=\"nofollow noopener\" target=\"_blank\">THONGCHAI.S<\/a>\u00a0\u2013 shutterstock.com, \u00a9 <a href=\"https:\/\/www.shutterstock.com\/de\/g\/peshkova\" rel=\"nofollow noopener\" target=\"_blank\">Peshkova<\/a>\u00a0\u2013 shutterstock.com, \u00a9 <a href=\"https:\/\/www.shutterstock.com\/de\/g\/varuna\" rel=\"nofollow noopener\" target=\"_blank\">varuna<\/a>\u00a0\u2013 shutterstock.com, \u00a9 <a href=\"https:\/\/www.shutterstock.com\/de\/g\/Volodymyr+Tverdohlib\" rel=\"nofollow noopener\" target=\"_blank\">Volodymyr TVERDOKHLIB<\/a>\u00a0\u2013 shutterstock.com, \u00a9 <a href=\"https:\/\/www.shutterstock.com\/de\/g\/PixLOG\" rel=\"nofollow noopener\" target=\"_blank\">Pix-LOG<\/a>\u00a0\u2013 shutterstock.com, \u00a9 <a href=\"https:\/\/www.shutterstock.com\/de\/g\/StockStudio\" rel=\"nofollow noopener\" target=\"_blank\">StockStudio Aerials<\/a>\u00a0\u2013 shutterstock.com, \u00a9 <a href=\"https:\/\/www.shutterstock.com\/de\/g\/markusmainka\" rel=\"nofollow noopener\" target=\"_blank\">Markus Mainka<\/a>\u00a0\u2013 shutterstock.com, \u00a9 <a href=\"https:\/\/www.shutterstock.com\/de\/g\/cahkt\" rel=\"nofollow noopener\" target=\"_blank\">D.Bond<\/a>\u00a0\u2013 shutterstock.com, \u00a9 <a href=\"https:\/\/www.shutterstock.com\/de\/g\/euregiocontent\" rel=\"nofollow noopener\" target=\"_blank\">engel.ac<\/a>\u00a0\u2013 shutterstock.com, \u00a9 <a href=\"https:\/\/www.shutterstock.com\/de\/g\/mapman\" rel=\"nofollow noopener\" target=\"_blank\">mapman<\/a>\u00a0\u2013 shutterstock.com, \u00a9 <a href=\"https:\/\/www.shutterstock.com\/de\/g\/AllesSuper\" rel=\"nofollow noopener\" target=\"_blank\">AllesSuper<\/a>\u00a0\u2013 shutterstock.com, \u00a9 visionenmaler<\/p>\t\t\t\t\t\t\t\t<\/div>\n\t\t\t\t<\/div>\n\t\t\t\t\t<\/div>\n\t\t<\/div>\n\t\t\t\t\t<\/div>\n\t\t<\/section>\n\t\t\t\t<\/div>","protected":false},"excerpt":{"rendered":"<p>Verantwortlicher gem\u00e4\u00df \u00a75 DDG: TEC-Experts GmbHChemnitzer Stra\u00dfe 8412621 Berlin Gesch\u00e4ftsf\u00fchrer: Vivien Poswiat Vivien\u00a0Poswiat E-Mail: vivien.poswiat@tecexperts.de Telefon: +49151 619 056 43 Amtsgericht Charlottenburg Handelsregister Nummer: HRB 270038 B UstID: DE34 3809 544 Konzept und Umsetzung visionenmaler \u2013 Mario Hoppe E-Mail: mario@visionenmaler.deWeb: visionenmaler.de In Koopertion mit: DiUS \u2013 Gordon Thielsch E-Mail: service@dius.deWeb: dius.de Haftungsausschluss 1. Inhalt des [&hellip;]<\/p>","protected":false},"author":1,"featured_media":0,"parent":0,"menu_order":0,"comment_status":"closed","ping_status":"closed","template":"","meta":{"_acf_changed":false,"footnotes":""},"class_list":["post-145","page","type-page","status-publish","hentry"],"acf":[],"_links":{"self":[{"href":"https:\/\/oyc-recruiting.de\/en\/wp-json\/wp\/v2\/pages\/145","targetHints":{"allow":["GET"]}}],"collection":[{"href":"https:\/\/oyc-recruiting.de\/en\/wp-json\/wp\/v2\/pages"}],"about":[{"href":"https:\/\/oyc-recruiting.de\/en\/wp-json\/wp\/v2\/types\/page"}],"author":[{"embeddable":true,"href":"https:\/\/oyc-recruiting.de\/en\/wp-json\/wp\/v2\/users\/1"}],"replies":[{"embeddable":true,"href":"https:\/\/oyc-recruiting.de\/en\/wp-json\/wp\/v2\/comments?post=145"}],"version-history":[{"count":3,"href":"https:\/\/oyc-recruiting.de\/en\/wp-json\/wp\/v2\/pages\/145\/revisions"}],"predecessor-version":[{"id":10097,"href":"https:\/\/oyc-recruiting.de\/en\/wp-json\/wp\/v2\/pages\/145\/revisions\/10097"}],"wp:attachment":[{"href":"https:\/\/oyc-recruiting.de\/en\/wp-json\/wp\/v2\/media?parent=145"}],"curies":[{"name":"wp","href":"https:\/\/api.w.org\/{rel}","templated":true}]}}